{"id":297,"date":"2022-05-24T10:48:32","date_gmt":"2022-05-24T08:48:32","guid":{"rendered":"http:\/\/placeludique.com\/?page_id=297"},"modified":"2022-05-24T11:13:47","modified_gmt":"2022-05-24T09:13:47","slug":"nos-propositions","status":"publish","type":"page","link":"https:\/\/placeludique.com\/index.php\/nos-propositions\/","title":{"rendered":"Nos propositions"},"content":{"rendered":"\n<p class=\"has-white-color has-text-color has-background\" style=\"background-color:#31a3a3\"><strong>ANIMATIONS<\/strong> &#8211; Nous intervenons avec des jeux et des jouets adapt\u00e9s \u00e0 votre public. <\/p>\n\n\n\n<p class=\"has-white-color has-text-color has-background\" style=\"background-color:#31a3a3\"><strong>LOCATIONS DE JEUX EN BOIS<\/strong> &#8211; Nous vous proposons une s\u00e9lection de jeux m\u00ealant adresse, r\u00e9flexion, force, pr\u00e9cision, rapidit\u00e9&#8230; pour contenter tous les participants.<\/p>\n\n\n\n<p class=\"has-white-color has-text-color has-background\" style=\"background-color:#31a3a3\"><strong>FORMATIONS<\/strong> &#8211; Nous accompagnons les \u00e9quipes de cr\u00e8ches sur des formations \u00e0 l&rsquo;analyse de leur fonds de jeux et \u00e0 l&rsquo;am\u00e9nagement. Nous formons aussi sur la th\u00e9matique du jeu en m\u00e9diath\u00e8que, ainsi que des st\u00e9r\u00e9otypes filles gar\u00e7ons dans le jeu de l&rsquo;enfant.<\/p>\n\n\n\n<p class=\"has-white-color has-text-color has-background\" style=\"background-color:#31a3a3\"><strong>ACCUEILS DE GROUPES<\/strong> &#8211; Nous accueillons des groupes \u00e0 la ludoth\u00e8que de Neuville de Poitou pour des temps de jeux d\u00e9di\u00e9s.<\/p>\n","protected":false},"excerpt":{"rendered":"<p>ANIMATIONS &#8211; Nous intervenons avec des jeux et des jouets adapt\u00e9s \u00e0 votre public. LOCATIONS DE JEUX EN BOIS &#8211; Nous vous proposons une s\u00e9lection de jeux m\u00ealant adresse, r\u00e9flexion, force, pr\u00e9cision, rapidit\u00e9&#8230; pour contenter tous les participants. FORMATIONS &#8211; Nous accompagnons les \u00e9quipes de cr\u00e8ches sur des formations \u00e0 l&rsquo;analyse de leur fonds de &hellip; <\/p>\n<p class=\"link-more\"><a href=\"https:\/\/placeludique.com\/index.php\/nos-propositions\/\" class=\"more-link\">Continuer la lecture<span class=\"screen-reader-text\"> de &laquo;&nbsp;Nos propositions&nbsp;&raquo;<\/span><\/a><\/p>\n","protected":false},"author":1,"featured_media":0,"parent":0,"menu_order":0,"comment_status":"closed","ping_status":"closed","template":"","meta":{"_eb_attr":"","footnotes":""},"_links":{"self":[{"href":"https:\/\/placeludique.com\/index.php\/wp-json\/wp\/v2\/pages\/297"}],"collection":[{"href":"https:\/\/placeludique.com\/index.php\/wp-json\/wp\/v2\/pages"}],"about":[{"href":"https:\/\/placeludique.com\/index.php\/wp-json\/wp\/v2\/types\/page"}],"author":[{"embeddable":true,"href":"https:\/\/placeludique.com\/index.php\/wp-json\/wp\/v2\/users\/1"}],"replies":[{"embeddable":true,"href":"https:\/\/placeludique.com\/index.php\/wp-json\/wp\/v2\/comments?post=297"}],"version-history":[{"count":4,"href":"https:\/\/placeludique.com\/index.php\/wp-json\/wp\/v2\/pages\/297\/revisions"}],"predecessor-version":[{"id":318,"href":"https:\/\/placeludique.com\/index.php\/wp-json\/wp\/v2\/pages\/297\/revisions\/318"}],"wp:attachment":[{"href":"https:\/\/placeludique.com\/index.php\/wp-json\/wp\/v2\/media?parent=297"}],"curies":[{"name":"wp","href":"https:\/\/api.w.org\/{rel}","templated":true}]}}