{"id":302,"date":"2022-05-24T10:54:54","date_gmt":"2022-05-24T08:54:54","guid":{"rendered":"http:\/\/placeludique.com\/?page_id=302"},"modified":"2024-07-15T15:24:28","modified_gmt":"2024-07-15T13:24:28","slug":"le-lieu-a-neuville-de-poitou","status":"publish","type":"page","link":"https:\/\/placeludique.com\/index.php\/le-lieu-a-neuville-de-poitou\/","title":{"rendered":"Le lieu \u00e0 Neuville de Poitou"},"content":{"rendered":"\n<p>Situ\u00e9 au 9 place Joffre, un lieu vous attend pour venir partager un temps de jeux en famille ou entre amis. <\/p>\n\n\n\n<p>Nous proposons aussi du pr\u00eat de jeu.<\/p>\n\n\n\n<p>Nous organisons aussi des soir\u00e9es jeux, un club ados et des tables de jeux de r\u00f4le pour les ados et pour les adultes.<\/p>\n\n\n\n<p class=\"has-text-align-center has-white-color has-text-color has-background\" style=\"background-color:#31a3a3\"><strong>HORAIRES D&rsquo;OUVERTURE TOUT PUBLIC<\/strong><\/p>\n\n\n\n<p class=\"has-white-color has-text-color has-background\" style=\"background-color:#31a3a3\">Mercredi 9h30-12h \/ 14h-18h30<\/p>\n\n\n\n<p class=\"has-white-color has-text-color has-background\" style=\"background-color:#31a3a3\">Vendredi 9h30-12h \/ 16h-18h30<\/p>\n\n\n\n<p class=\"has-white-color has-text-color has-background\" style=\"background-color:#31a3a3\">Samedi 14h-18h30<\/p>\n\n\n\n<p class=\"has-text-align-center has-white-color has-text-color has-background\" style=\"background-color:#31a3a3\"><strong>PETITES VACANCES SCOLAIRES<\/strong><\/p>\n\n\n\n<p class=\"has-white-color has-text-color has-background\" style=\"background-color:#31a3a3\">Mercredi 9h30-12h \/ 14h-18h30<\/p>\n\n\n\n<p class=\"has-white-color has-text-color has-background\" style=\"background-color:#31a3a3\">Vendredi 9h30-12h \/ 14h-18h30<\/p>\n\n\n\n<p class=\"has-white-color has-text-color has-background\" style=\"background-color:#31a3a3\">Samedi 14h-18h30<\/p>\n\n\n\n<p class=\"has-text-align-center has-white-color has-text-color has-background\" style=\"background-color:#31a3a3\"><strong>VACANCES DE JUILLET<\/strong><\/p>\n\n\n\n<p class=\"has-text-align-left has-white-color has-text-color has-background\" style=\"background-color:#31a3a3\">Mercredi 9h30-12h \/ 14h-18h30<\/p>\n\n\n\n<p class=\"has-text-align-left has-white-color has-text-color has-background\" style=\"background-color:#31a3a3\">Vendredi 9h30-12h \/ 14h-18h30<\/p>\n\n\n\n<p class=\"has-text-align-left has-white-color has-text-color has-background\" style=\"background-color:#31a3a3\">Attention : f<strong>erm\u00e9 le samedi<\/strong><\/p>\n\n\n\n<p class=\"has-text-align-center has-white-color has-text-color has-background\" style=\"background-color:#31a3a3\"><strong>Fermeture  au mois d&rsquo;ao\u00fbt et vacances de No\u00ebl<\/strong><\/p>\n","protected":false},"excerpt":{"rendered":"<p>Situ\u00e9 au 9 place Joffre, un lieu vous attend pour venir partager un temps de jeux en famille ou entre amis. Nous proposons aussi du pr\u00eat de jeu. Nous organisons aussi des soir\u00e9es jeux, un club ados et des tables de jeux de r\u00f4le pour les ados et pour les adultes. HORAIRES D&rsquo;OUVERTURE TOUT PUBLIC &hellip; <\/p>\n<p class=\"link-more\"><a href=\"https:\/\/placeludique.com\/index.php\/le-lieu-a-neuville-de-poitou\/\" class=\"more-link\">Continuer la lecture<span class=\"screen-reader-text\"> de &laquo;&nbsp;Le lieu \u00e0 Neuville de Poitou&nbsp;&raquo;<\/span><\/a><\/p>\n","protected":false},"author":1,"featured_media":0,"parent":0,"menu_order":0,"comment_status":"closed","ping_status":"closed","template":"","meta":{"_eb_attr":"","footnotes":""},"_links":{"self":[{"href":"https:\/\/placeludique.com\/index.php\/wp-json\/wp\/v2\/pages\/302"}],"collection":[{"href":"https:\/\/placeludique.com\/index.php\/wp-json\/wp\/v2\/pages"}],"about":[{"href":"https:\/\/placeludique.com\/index.php\/wp-json\/wp\/v2\/types\/page"}],"author":[{"embeddable":true,"href":"https:\/\/placeludique.com\/index.php\/wp-json\/wp\/v2\/users\/1"}],"replies":[{"embeddable":true,"href":"https:\/\/placeludique.com\/index.php\/wp-json\/wp\/v2\/comments?post=302"}],"version-history":[{"count":5,"href":"https:\/\/placeludique.com\/index.php\/wp-json\/wp\/v2\/pages\/302\/revisions"}],"predecessor-version":[{"id":374,"href":"https:\/\/placeludique.com\/index.php\/wp-json\/wp\/v2\/pages\/302\/revisions\/374"}],"wp:attachment":[{"href":"https:\/\/placeludique.com\/index.php\/wp-json\/wp\/v2\/media?parent=302"}],"curies":[{"name":"wp","href":"https:\/\/api.w.org\/{rel}","templated":true}]}}